{"id":78,"date":"2017-12-12T11:24:21","date_gmt":"2017-12-12T15:24:21","guid":{"rendered":"http:\/\/ayuntamiento.guineo\/transparencia\/?page_id=78"},"modified":"2021-04-07T09:52:24","modified_gmt":"2021-04-07T13:52:24","slug":"definicion-oaim-oficina-de-acceso-a-la-informacion-municipal","status":"publish","type":"page","link":"https:\/\/ayuntamientodeguerra.gob.do\/transparencia\/definicion-oaim-oficina-de-acceso-a-la-informacion-municipal\/","title":{"rendered":"Definici\u00f3n OAIM (Oficina de Acceso a la Informaci\u00f3n Municipal)"},"content":{"rendered":"<p><img loading=\"lazy\" class=\"wp-image-482 aligncenter\" src=\"http:\/\/ayuntamientodeguerra.gob.do\/transparencia\/wp-content\/uploads\/2021\/04\/download-250x140.jpg\" alt=\"\" width=\"593\" height=\"332\" srcset=\"https:\/\/ayuntamientodeguerra.gob.do\/transparencia\/wp-content\/uploads\/2021\/04\/download-250x140.jpg 250w, https:\/\/ayuntamientodeguerra.gob.do\/transparencia\/wp-content\/uploads\/2021\/04\/download-120x67.jpg 120w, https:\/\/ayuntamientodeguerra.gob.do\/transparencia\/wp-content\/uploads\/2021\/04\/download.jpg 300w\" sizes=\"(max-width: 593px) 100vw, 593px\" \/><\/p>\n<p>El acceso a la informaci\u00f3n p\u00fablica, como se establece en las convenciones y leyes<\/p>\n<p>nacionales, representa un derecho fundamental para todos los ciudadanos que deseen<\/p>\n<p>buscar y recibir informaci\u00f3n y datos en manos del Estado. Asimismo, es importante<\/p>\n<p>porque permite participar en los asuntos pol\u00edticos y monitorear las acciones del Estado<\/p>\n<p>transparentando la gesti\u00f3n p\u00fablica.<\/p>\n<p>El ejercicio del derecho de acceso a la informaci\u00f3n p\u00fablica fortalece la participaci\u00f3n<\/p>\n<p>ciudadana, las pol\u00edticas p\u00fablicas, la gesti\u00f3n p\u00fablica y por ende la gobernabilidad<\/p>\n<p>democr\u00e1tica. Al mismo tiempo, permite reforzar la legitimidad del sistema democr\u00e1tico<\/p>\n<p>incorporando al ciudadano en los procesos de deliberaci\u00f3n, gesti\u00f3n y evaluaci\u00f3n de las<\/p>\n<p>pol\u00edticas p\u00fablicas, sumando un componente de sustentabilidad a las pol\u00edticas p\u00fablicas.<\/p>\n<p>Va dirigido a todos los mun\u00edcipes.<\/p>\n","protected":false},"excerpt":{"rendered":"El acceso a la informaci\u00f3n p\u00fablica, como se establece en las convenciones y leyes nacionales, representa un derecho fundamental para todos los ciudadanos que deseen buscar y recibir informaci\u00f3n y datos en manos del Estado. Asimismo, es importante porque permite participar en los asuntos pol\u00edticos y monitorear las acciones del Estado transparentando la gesti\u00f3n p\u00fablica&#8230;.","protected":false},"author":3,"featured_media":0,"parent":0,"menu_order":0,"comment_status":"closed","ping_status":"closed","template":"","meta":[],"acf":[],"_links":{"self":[{"href":"https:\/\/ayuntamientodeguerra.gob.do\/transparencia\/wp-json\/wp\/v2\/pages\/78"}],"collection":[{"href":"https:\/\/ayuntamientodeguerra.gob.do\/transparencia\/wp-json\/wp\/v2\/pages"}],"about":[{"href":"https:\/\/ayuntamientodeguerra.gob.do\/transparencia\/wp-json\/wp\/v2\/types\/page"}],"author":[{"embeddable":true,"href":"https:\/\/ayuntamientodeguerra.gob.do\/transparencia\/wp-json\/wp\/v2\/users\/3"}],"replies":[{"embeddable":true,"href":"https:\/\/ayuntamientodeguerra.gob.do\/transparencia\/wp-json\/wp\/v2\/comments?post=78"}],"version-history":[{"count":6,"href":"https:\/\/ayuntamientodeguerra.gob.do\/transparencia\/wp-json\/wp\/v2\/pages\/78\/revisions"}],"predecessor-version":[{"id":483,"href":"https:\/\/ayuntamientodeguerra.gob.do\/transparencia\/wp-json\/wp\/v2\/pages\/78\/revisions\/483"}],"wp:attachment":[{"href":"https:\/\/ayuntamientodeguerra.gob.do\/transparencia\/wp-json\/wp\/v2\/media?parent=78"}],"curies":[{"name":"wp","href":"https:\/\/api.w.org\/{rel}","templated":true}]}}